{"id":240,"date":"2019-03-15T10:51:55","date_gmt":"2019-03-15T09:51:55","guid":{"rendered":"https:\/\/www.malvache.net\/hermary\/?page_id=240"},"modified":"2024-05-12T22:53:31","modified_gmt":"2024-05-12T20:53:31","slug":"le-depart","status":"publish","type":"page","link":"https:\/\/www.malvache.net\/hermary\/le-depart\/","title":{"rendered":"Le d\u00e9part"},"content":{"rendered":"\n<div class=\"wp-block-columns has-2-columns is-layout-flex wp-container-core-columns-is-layout-9d6595d7 wp-block-columns-is-layout-flex\">\n<div class=\"wp-block-column is-layout-flow wp-block-column-is-layout-flow\">\n<figure class=\"wp-block-table is-style-stripes\"><table class=\"has-background\" style=\"background-color:#e7f5fe\"><tbody><tr><td>Emile Hermary est n\u00e9 le 29 avril 1872 \u00e0 Saint-Floris. Il est le fils d\u2019Henri et Constance Queste et le 7\u00e9me sur 11 de la fratrie.<br><br>Il \u00e9pouse Maria Christine Augustine DUHAYON le 24 septembre 1895 \u00e0 Saint-Floris.<br>Ils s&rsquo;installent \u00e0 Noeux les Mines (commune du Pas de Calais). <br><br>Emile travaille dans une banque en tant que pr\u00e9pos\u00e9 aux ch\u00e8ques de paie pour les mineurs.<br><br>Le couple donne naissance \u00e0 4 enfants:<br>&#8211; Gabriel Raphael Joseph (1896)<br>&#8211; Gilbert Edouard Henri Joseph (1898)<br>&#8211; Antoinette Marie Joseph (1900)<br>&#8211; Edouard Louis Joseph (1902)<br><\/td><\/tr><\/tbody><\/table><\/figure>\n<\/div>\n\n\n\n<div class=\"wp-block-column is-layout-flow wp-block-column-is-layout-flow\">\n<div class=\"wp-block-gmedia-gallery gmedia-shortcode\"><div class=\"gmedia_gallery amron_module is_bot\" id=\"GmediaGallery_47\" data-gmid=\"47\" data-module=\"amron\"><script type=\"text\/javascript\">\n\t(function() {\n\t\tthis['GmediaGallery_47'] = {\n\t\t\t'settings':{\"collectionThumbRecomendedWidth\":\"260\",\"collectionPreloaderColor\":\"333333\",\"linkTargetWindow\":\"_blank\",\"thumbSpacing\":\"10\",\"tagsFilter\":\"0\",\"tagCloudAll\":\"Tous\",\"tagCloudTextColor\":\"000000\",\"tagCloudTextColorOver\":\"rgba(255,255, 255, 1)\",\"tagCloudBgColor\":\"eeeeee\",\"tagCloudBgColorOver\":\"rgba(11, 11, 11, 1)\",\"collectionThumbHoverColor\":\"rgba(0, 0, 0, .7)\",\"collectionThumbContentBGColor\":\"rgba(245,245,245,1)\",\"collectionThumbTitleShow\":\"1\",\"collectionThumbTitleColor\":\"rgba(0,0,0,1)\",\"collectionThumbFontSize\":\"18\",\"collectionThumbDescriptionShow\":\"1\",\"collectionThumbDescriptionColor\":\"rgba(0,0,0,1)\",\"collectionThumbDescriptionFontSize\":\"15\",\"collectionReadMoreButtonLabel\":\"Read More\",\"collectionReadMoreButtonLabelColor\":\"rgba(255, 255, 255, 1)\",\"collectionReadMoreButtonBGColor\":\"rgba(0, 0, 0, 1)\",\"collectionReadMoreButtonLabelColorHover\":\"rgba(0, 0, 0, 1)\",\"collectionReadMoreButtonBGColorHover\":\"rgba(235,235,235,1)\",\"modaBgColor\":\"rgba(0,0,0,0.9)\",\"modalInfoBoxBgColor\":\"rgba(255,255,255,1)\",\"modalInfoBoxTitleTextColor\":\"000000\",\"modalInfoBoxTextColor\":\"333333\",\"infoBarCountersEnable\":\"1\",\"infoBarDateInfoEnable\":\"1\",\"lightBoxEnable\":\"1\",\"sliderPreloaderColor\":\"ffffff\",\"sliderBgColor\":\"rgba(0,0,0,1)\",\"sliderHeaderFooterBgColor\":\"000000\",\"sliderNavigationColor\":\"rgba(0,0,0,1)\",\"sliderNavigationIconColor\":\"rgba(255,255,255,1)\",\"sliderNavigationColorOver\":\"rgba(255,255,255,1)\",\"sliderNavigationIconColorOver\":\"rgba(0,0,0,1)\",\"sliderItemTitleFontSize\":\"24\",\"sliderItemTitleTextColor\":\"ffffff\",\"sliderThumbBarEnable\":\"0\",\"sliderThumbBarHoverColor\":\"ffffff\",\"sliderThumbSubMenuBackgroundColor\":\"rgba(0,0,0,1)\",\"sliderThumbSubMenuBackgroundColorOver\":\"rgba(255,255,255,1)\",\"sliderThumbSubMenuIconColor\":\"rgba(255,255,255,1)\",\"sliderThumbSubMenuIconHoverColor\":\"rgba(0,0,0,1)\",\"sliderInfoEnable\":\"1\",\"sliderItemDownload\":\"1\",\"sliderItemDiscuss\":\"1\",\"sliderSocialShareEnabled\":\"1\",\"sliderLikesEnabled\":\"1\",\"customCSS\":\"\",\"shareTitlePlaceHolder\":\"Share\",\"module_url\":\"https:\\\/\\\/www.malvache.net\\\/hermary\\\/wp-content\\\/plugins\\\/grand-media\\\/module\\\/amron\",\"license\":\"\",\"post_url\":\"https:\\\/\\\/www.malvache.net\\\/hermary\\\/wp-json\\\/wp\\\/v2\\\/pages\\\/240\"},\n\t\t\t'appQuery':{\"orderby\":\"ID\",\"order\":\"DESC\",\"category__in\":\"48\",\"status\":[\"publish\"],\"limit\":100},\n\t\t\t'appApi':\"https:\\\/\\\/www.malvache.net\\\/hermary\\\/?gmedia-app=1&gmappversion=4&gmmodule=1\",\n\t\t\t'appInfo':{\"name\":\"Emile avant\",\"description\":\"\"}};\n\t})();\n<\/script>\n<\/div><\/div>\n<\/div>\n<\/div>\n\n\n\n<h2 class=\"wp-block-heading\">Contexte historique<\/h2>\n\n\n\n<pre class=\"wp-block-preformatted\"><em>Le 9 d\u00e9cembre 1905, le d\u00e9put\u00e9 socialiste Aristide Briand&nbsp; fait voter la loi concernant la s\u00e9paration des \u00c9glises et de l'\u00c9tat.<\/em>\n<em>La loi s'applique aux quatre confessions alors repr\u00e9sent\u00e9es en France : le catholicisme, la confession d'Augsbourg (les protestants luth\u00e9riens), les r\u00e9form\u00e9s (les protestants calvinistes) et les isra\u00e9lites. Elle cl\u00f4ture 25 ans de tensions entre la R\u00e9publique et l'\u00c9glise catholique, l'un et l'autre se disputant le magist\u00e8re moral sur la soci\u00e9t\u00e9.<\/em>\n\n<\/pre>\n\n\n\n<p>Cette loi est tr\u00e8s mal v\u00e9cue par bon nombre de catholiques (95 % de la population fran\u00e7aise \u00e0 l&rsquo;\u00e9poque est baptis\u00e9e dans la religion catholique), il y\u2019aura durant 1906 beaucoup de querelles autour des inventaires des \u00e9glises. Ces disputes allaient parfois jusqu\u2019\u00e0 entrainer la mort (ce fut le cas \u00e0 Boeschepe). Les Catholiques se sentaient pers\u00e9cut\u00e9s.<\/p>\n\n\n\n<h2 class=\"wp-block-heading\">Une d\u00e9cision radicale<\/h2>\n\n\n\n<p>Depuis la fin du 19\u00e8me si\u00e8cle le Canada cherche \u00e0 peupler l\u2019Ouest. Ainsi les terres sont ouvertes \u00e0 la colonisation. Le gouvernement de l\u2019\u00e9poque cherche \u00e0 attirer des ruraux catholiques pour coloniser les grandes prairies.<\/p>\n\n\n\n<p>En France, ce qui est v\u00e9cu comme des pers\u00e9cutions, poussent les autorit\u00e9s religieuses \u00e0 envoyer les jeunes religieux hors m\u00e9tropole. Le Canada devient une des destinations privil\u00e9gi\u00e9es.<\/p>\n\n\n\n<p>Emile HERMARY est un fervent Catholique ,il d\u00e9cide de quitter la France pour le Canada (Destination la ville de Winnipeg), ce nouveau pays plus en phase avec ses convictions.<br><\/p>\n\n\n\n<h2 class=\"wp-block-heading\">Embarquement<\/h2>\n\n\n\n<p>Il quitte donc son travail avec pour but d\u2019aller cultiver des terres dans les environs de Winnipeg. \u00ab\u00a0Un retour aux sources pour ce fils de fermier\u00a0\u00bb.<\/p>\n\n\n\n<p>D\u00e9but mai 1906 , Emile HERMARY quitte <strong>N\u0153ux-les-Mines<\/strong> direction le port du<strong> Havre<\/strong>. Il laisse sa femme et ses enfants, il part s\u2019assurer que cet exil est une bonne id\u00e9e. Il embarque dans le SS Sardinian, un navire britannique en provenance de Londres.<br><br>Il arrive le 20 mai 1906 au port de <strong>Qu\u00e9bec <\/strong>o\u00f9 il lui faudra attendre une journ\u00e9e de plus avant d\u2019atteindre la terre ferme \u00e0 <strong>Montr\u00e9al<\/strong>, le 21 mai 1906. <br>Emile HERMARY n\u2019est pas seul, il voyage avec Louis CLERY, un autre habitant de Noeux-Les-Mines.<\/p>\n\n\n\n<iframe loading=\"lazy\" width=\"100%\" height=\"300px\" frameborder=\"0\" allowfullscreen=\"\" src=\"\/\/umap.openstreetmap.fr\/fr\/map\/parcours-demile-hermary_678940?scaleControl=true&amp;miniMap=true&amp;scrollWheelZoom=true&amp;zoomControl=true&amp;allowEdit=false&amp;moreControl=true&amp;searchControl=null&amp;tilelayersControl=false&amp;embedControl=null&amp;datalayersControl=false&amp;onLoadPanel=undefined&amp;captionBar=false&amp;fullscreenControl=true&amp;locateControl=null&amp;editinosmControl=false\"><\/iframe><p><a href=\"\/\/umap.openstreetmap.fr\/fr\/map\/parcours-demile-hermary_678940\">Voir en plein \u00e9cran<\/a><\/p>\n\n\n\n<p><br><br><\/p>\n\n\n\n<div class=\"wp-block-gmedia-gallery gmedia-shortcode\"><div class=\"gmedia_gallery amron_module is_bot\" id=\"GmediaGallery_77\" data-gmid=\"77\" data-module=\"amron\"><script type=\"text\/javascript\">\n\t(function() {\n\t\tthis['GmediaGallery_77'] = {\n\t\t\t'settings':{\"collectionThumbRecomendedWidth\":\"260\",\"collectionPreloaderColor\":\"333333\",\"linkTargetWindow\":\"_blank\",\"thumbSpacing\":\"10\",\"tagsFilter\":\"0\",\"tagCloudAll\":\"All\",\"tagCloudTextColor\":\"rgba(0, 0, 0, 1)\",\"tagCloudTextColorOver\":\"rgba(255,255, 255, 1)\",\"tagCloudBgColor\":\"rgba(211, 211, 211, 1)\",\"tagCloudBgColorOver\":\"rgba(11, 11, 11, 1)\",\"collectionThumbHoverColor\":\"rgba(0, 0, 0, .7)\",\"collectionThumbContentBGColor\":\"rgba(245,245,245,1)\",\"collectionThumbTitleShow\":\"1\",\"collectionThumbTitleColor\":\"rgba(0,0,0,1)\",\"collectionThumbFontSize\":\"18\",\"collectionThumbDescriptionShow\":\"1\",\"collectionThumbDescriptionColor\":\"rgba(0,0,0,1)\",\"collectionThumbDescriptionFontSize\":\"15\",\"collectionReadMoreButtonLabel\":\"Read More\",\"collectionReadMoreButtonLabelColor\":\"rgba(255, 255, 255, 1)\",\"collectionReadMoreButtonBGColor\":\"rgba(0, 0, 0, 1)\",\"collectionReadMoreButtonLabelColorHover\":\"rgba(0, 0, 0, 1)\",\"collectionReadMoreButtonBGColorHover\":\"rgba(235,235,235,1)\",\"modaBgColor\":\"rgba(0,0,0,0.9)\",\"modalInfoBoxBgColor\":\"rgba(255,255,255,1)\",\"modalInfoBoxTitleTextColor\":\"000000\",\"modalInfoBoxTextColor\":\"333333\",\"infoBarCountersEnable\":\"1\",\"infoBarDateInfoEnable\":\"1\",\"lightBoxEnable\":\"1\",\"sliderPreloaderColor\":\"ffffff\",\"sliderBgColor\":\"rgba(0,0,0,0.8)\",\"sliderHeaderFooterBgColor\":\"000000\",\"sliderNavigationColor\":\"rgba(0,0,0,1)\",\"sliderNavigationIconColor\":\"rgba(255,255,255,1)\",\"sliderNavigationColorOver\":\"rgba(255,255,255,1)\",\"sliderNavigationIconColorOver\":\"rgba(0,0,0,1)\",\"sliderItemTitleFontSize\":\"24\",\"sliderItemTitleTextColor\":\"ffffff\",\"sliderThumbBarEnable\":\"0\",\"sliderThumbBarHoverColor\":\"ffffff\",\"sliderThumbSubMenuBackgroundColor\":\"rgba(0,0,0,1)\",\"sliderThumbSubMenuBackgroundColorOver\":\"rgba(255,255,255,1)\",\"sliderThumbSubMenuIconColor\":\"rgba(255,255,255,1)\",\"sliderThumbSubMenuIconHoverColor\":\"rgba(0,0,0,1)\",\"sliderInfoEnable\":\"1\",\"sliderItemDownload\":\"1\",\"sliderItemDiscuss\":\"1\",\"sliderSocialShareEnabled\":\"1\",\"sliderLikesEnabled\":\"1\",\"customCSS\":\"\",\"module_url\":\"https:\\\/\\\/www.malvache.net\\\/hermary\\\/wp-content\\\/plugins\\\/grand-media\\\/module\\\/amron\",\"license\":\"\",\"post_url\":\"https:\\\/\\\/www.malvache.net\\\/hermary\\\/wp-json\\\/wp\\\/v2\\\/pages\\\/240\"},\n\t\t\t'appQuery':{\"orderby\":\"ID\",\"order\":\"DESC\",\"category__in\":\"76\",\"status\":[\"publish\"],\"limit\":100},\n\t\t\t'appApi':\"https:\\\/\\\/www.malvache.net\\\/hermary\\\/?gmedia-app=1&gmappversion=4&gmmodule=1\",\n\t\t\t'appInfo':{\"name\":\"Embarquement\",\"description\":\"\"}};\n\t})();\n<\/script>\n<\/div><\/div>\n\n\n\n<h2 class=\"wp-block-heading\">Montr\u00e9al : enfin la terre ferme!<\/h2>\n\n\n\n<p>Il faudra une journ\u00e9e de plus pour atteindre Montr\u00e9al. Emile peut poser pied \u00e0 terre le 21 mai 1906.<\/p>\n\n\n\n<p>Dans son journal il d\u00e9crit son arriv\u00e9e \u00e0 Montr\u00e9al: <\/p>\n\n\n\n<blockquote class=\"wp-block-quote is-layout-flow wp-block-quote-is-layout-flow\">\n<p>C&rsquo;est une ville, nouvelle, \u00e9clair\u00e9e \u00e0 l\u2019\u00e9lectricit\u00e9. L&rsquo;\u00e9v\u00each\u00e9, la Cath\u00e9drale, le beffroi \u00e9mergent des autres habitations dont certaines ont jusqu&rsquo;\u00e0 4 \u00e9tages. <\/p>\n\n\n\n<p>Nous sommes en ce moment sur le lac St-Pierre: le bateau stationne car le chenal pour les gros navires n&rsquo;est pas large et d&rsquo;un autre c\u00f4t\u00e9, nous serons aussi avanc\u00e9s en arrivant demain matin \u00e0 8 que ce soir \u00e0 minuit, le d\u00e9barquement ne pouvant se faire plus t\u00f4t et pour nous  ce sera une \u00e9conomie, car ici point d&rsquo;h\u00f4tel \u00e0 payer.<\/p>\n\n\n\n<p>&#8230;<\/p>\n\n\n\n<p>Assez de la mer, voici la terre pour de bon chacun est ras\u00e9, pouponn\u00e9 et attend le d\u00e9barquement : nous sommes pr\u00e9s des quais; un remorqueur est venu se mettre en t\u00eate de notre paquebot&#8230;<\/p>\n\n\n\n<p>Gr\u00e2ce \u00e0 Dieu la premi\u00e8re partie du voyage est tr\u00e8s bien pass\u00e9e, que sera l&rsquo;autre, car nous ne sommes pas arriv\u00e9s.<\/p>\n\n\n\n<p>Au revoir, il est 9h et toi la bas tu prends ta bonne tasse de caf\u00e9 apr\u00e8s ton diner&#8230;<\/p>\n<cite><br><br><\/cite><\/blockquote>\n\n\n\n<p>Pas encore sur la terre ferme, il reste une derni\u00e8re \u00e9tape \u00e0 franchir: la douane.<\/p>\n\n\n\n<blockquote class=\"wp-block-quote is-layout-flow wp-block-quote-is-layout-flow\">\n<p> <br><em>\u2026Aussit\u00f4t le bateau amarr\u00e9 et le pont mis, les agents de l&rsquo;immigration montent sur le bateau et tour \u00e0 tour chacun passe devant eux pour dire o\u00f9 il se rend, pour quoi faire et combien il a d&rsquo;argent, c&rsquo;est curieux mais c&rsquo;est tel, naturellement il n&rsquo;y a pas de contr\u00f4le, et j&rsquo;ai dit pour mon compte que je ne poss\u00e9dais que 1000F*\u2026\u201c<\/em> <\/p>\n<cite>* 1000 Fr en 1900 = plus ou moins 3991,5 \u20ac, selon le convertisseur de l\u2019INSEE. A titre de comparaison, le prix d\u2019un litre de lait frais pasteuris\u00e9 \u00e9tait de 0.3 Fr.<\/cite><\/blockquote>\n\n\n\n<p>Ensuite il part pour Winnipeg en train.<\/p>\n\n\n\n<div class=\"wp-block-gmedia-gallery gmedia-shortcode\"><div class=\"gmedia_gallery amron_module is_bot\" id=\"GmediaGallery_62\" data-gmid=\"62\" data-module=\"amron\"><script type=\"text\/javascript\">\n\t(function() {\n\t\tthis['GmediaGallery_62'] = {\n\t\t\t'settings':{\"collectionThumbRecomendedWidth\":\"260\",\"collectionPreloaderColor\":\"333333\",\"linkTargetWindow\":\"_blank\",\"thumbSpacing\":\"10\",\"tagsFilter\":\"0\",\"tagCloudAll\":\"Tous\",\"tagCloudTextColor\":\"000000\",\"tagCloudTextColorOver\":\"rgba(255,255, 255, 1)\",\"tagCloudBgColor\":\"eeeeee\",\"tagCloudBgColorOver\":\"rgba(11, 11, 11, 1)\",\"collectionThumbHoverColor\":\"rgba(0, 0, 0, .7)\",\"collectionThumbContentBGColor\":\"rgba(245,245,245,1)\",\"collectionThumbTitleShow\":\"1\",\"collectionThumbTitleColor\":\"rgba(0,0,0,1)\",\"collectionThumbFontSize\":\"18\",\"collectionThumbDescriptionShow\":\"1\",\"collectionThumbDescriptionColor\":\"rgba(0,0,0,1)\",\"collectionThumbDescriptionFontSize\":\"15\",\"collectionReadMoreButtonLabel\":\"Read More\",\"collectionReadMoreButtonLabelColor\":\"rgba(255, 255, 255, 1)\",\"collectionReadMoreButtonBGColor\":\"rgba(0, 0, 0, 1)\",\"collectionReadMoreButtonLabelColorHover\":\"rgba(0, 0, 0, 1)\",\"collectionReadMoreButtonBGColorHover\":\"rgba(235,235,235,1)\",\"modaBgColor\":\"rgba(0,0,0,0.9)\",\"modalInfoBoxBgColor\":\"rgba(255,255,255,1)\",\"modalInfoBoxTitleTextColor\":\"000000\",\"modalInfoBoxTextColor\":\"333333\",\"infoBarCountersEnable\":\"1\",\"infoBarDateInfoEnable\":\"1\",\"lightBoxEnable\":\"1\",\"sliderPreloaderColor\":\"ffffff\",\"sliderBgColor\":\"rgba(0,0,0,1)\",\"sliderHeaderFooterBgColor\":\"000000\",\"sliderNavigationColor\":\"rgba(0,0,0,1)\",\"sliderNavigationIconColor\":\"rgba(255,255,255,1)\",\"sliderNavigationColorOver\":\"rgba(255,255,255,1)\",\"sliderNavigationIconColorOver\":\"rgba(0,0,0,1)\",\"sliderItemTitleFontSize\":\"24\",\"sliderItemTitleTextColor\":\"ffffff\",\"sliderThumbBarEnable\":\"0\",\"sliderThumbBarHoverColor\":\"ffffff\",\"sliderThumbSubMenuBackgroundColor\":\"rgba(0,0,0,1)\",\"sliderThumbSubMenuBackgroundColorOver\":\"rgba(255,255,255,1)\",\"sliderThumbSubMenuIconColor\":\"rgba(255,255,255,1)\",\"sliderThumbSubMenuIconHoverColor\":\"rgba(0,0,0,1)\",\"sliderInfoEnable\":\"1\",\"sliderItemDownload\":\"1\",\"sliderItemDiscuss\":\"1\",\"sliderSocialShareEnabled\":\"1\",\"sliderLikesEnabled\":\"1\",\"customCSS\":\"\",\"shareTitlePlaceHolder\":\"Share\",\"module_url\":\"https:\\\/\\\/www.malvache.net\\\/hermary\\\/wp-content\\\/plugins\\\/grand-media\\\/module\\\/amron\",\"license\":\"\",\"post_url\":\"https:\\\/\\\/www.malvache.net\\\/hermary\\\/wp-json\\\/wp\\\/v2\\\/pages\\\/240\"},\n\t\t\t'appQuery':{\"orderby\":\"ID\",\"order\":\"DESC\",\"category__in\":\"61\",\"status\":[\"publish\"],\"limit\":100},\n\t\t\t'appApi':\"https:\\\/\\\/www.malvache.net\\\/hermary\\\/?gmedia-app=1&gmappversion=4&gmmodule=1\",\n\t\t\t'appInfo':{\"name\":\"montreal\",\"description\":\"\"}};\n\t})();\n<\/script>\n<\/div><\/div>\n\n\n\n<h2 class=\"wp-block-heading\">de Winnipeg \u00e0 Innisfail<\/h2>\n\n\n\n<blockquote class=\"wp-block-quote is-layout-flow wp-block-quote-is-layout-flow\">\n<p> <br>Le 21 au soir nous embarquions sur le train&#8230;on s\u2019am\u00e9nage comme on peut d&rsquo;abord pour se trouver tous les fran\u00e7ais ensemble; on fume une bonne pipe et pendant que le train file nous pr\u00e9parons notre lit&#8230; <\/p>\n<\/blockquote>\n\n\n\n<div class=\"wp-block-gmedia-gallery gmedia-shortcode\"><div class=\"gmedia_gallery amron_module is_bot\" id=\"GmediaGallery_55\" data-gmid=\"55\" data-module=\"amron\"><script type=\"text\/javascript\">\n\t(function() {\n\t\tthis['GmediaGallery_55'] = {\n\t\t\t'settings':{\"collectionThumbRecomendedWidth\":\"260\",\"collectionPreloaderColor\":\"333333\",\"linkTargetWindow\":\"_blank\",\"thumbSpacing\":\"10\",\"tagsFilter\":\"0\",\"tagCloudAll\":\"Tous\",\"tagCloudTextColor\":\"000000\",\"tagCloudTextColorOver\":\"rgba(255,255, 255, 1)\",\"tagCloudBgColor\":\"eeeeee\",\"tagCloudBgColorOver\":\"rgba(11, 11, 11, 1)\",\"collectionThumbHoverColor\":\"rgba(0, 0, 0, .7)\",\"collectionThumbContentBGColor\":\"rgba(245,245,245,1)\",\"collectionThumbTitleShow\":\"1\",\"collectionThumbTitleColor\":\"rgba(0,0,0,1)\",\"collectionThumbFontSize\":\"18\",\"collectionThumbDescriptionShow\":\"1\",\"collectionThumbDescriptionColor\":\"rgba(0,0,0,1)\",\"collectionThumbDescriptionFontSize\":\"15\",\"collectionReadMoreButtonLabel\":\"Read More\",\"collectionReadMoreButtonLabelColor\":\"rgba(255, 255, 255, 1)\",\"collectionReadMoreButtonBGColor\":\"rgba(0, 0, 0, 1)\",\"collectionReadMoreButtonLabelColorHover\":\"rgba(0, 0, 0, 1)\",\"collectionReadMoreButtonBGColorHover\":\"rgba(235,235,235,1)\",\"modaBgColor\":\"rgba(0,0,0,0.9)\",\"modalInfoBoxBgColor\":\"rgba(255,255,255,1)\",\"modalInfoBoxTitleTextColor\":\"000000\",\"modalInfoBoxTextColor\":\"333333\",\"infoBarCountersEnable\":\"1\",\"infoBarDateInfoEnable\":\"1\",\"lightBoxEnable\":\"1\",\"sliderPreloaderColor\":\"ffffff\",\"sliderBgColor\":\"rgba(0,0,0,1)\",\"sliderHeaderFooterBgColor\":\"000000\",\"sliderNavigationColor\":\"rgba(0,0,0,1)\",\"sliderNavigationIconColor\":\"rgba(255,255,255,1)\",\"sliderNavigationColorOver\":\"rgba(255,255,255,1)\",\"sliderNavigationIconColorOver\":\"rgba(0,0,0,1)\",\"sliderItemTitleFontSize\":\"24\",\"sliderItemTitleTextColor\":\"ffffff\",\"sliderThumbBarEnable\":\"0\",\"sliderThumbBarHoverColor\":\"ffffff\",\"sliderThumbSubMenuBackgroundColor\":\"rgba(0,0,0,1)\",\"sliderThumbSubMenuBackgroundColorOver\":\"rgba(255,255,255,1)\",\"sliderThumbSubMenuIconColor\":\"rgba(255,255,255,1)\",\"sliderThumbSubMenuIconHoverColor\":\"rgba(0,0,0,1)\",\"sliderInfoEnable\":\"1\",\"sliderItemDownload\":\"1\",\"sliderItemDiscuss\":\"1\",\"sliderSocialShareEnabled\":\"1\",\"sliderLikesEnabled\":\"1\",\"customCSS\":\"\",\"shareTitlePlaceHolder\":\"Share\",\"module_url\":\"https:\\\/\\\/www.malvache.net\\\/hermary\\\/wp-content\\\/plugins\\\/grand-media\\\/module\\\/amron\",\"license\":\"\",\"post_url\":\"https:\\\/\\\/www.malvache.net\\\/hermary\\\/wp-json\\\/wp\\\/v2\\\/pages\\\/240\"},\n\t\t\t'appQuery':{\"orderby\":\"ID\",\"order\":\"DESC\",\"tag__in\":\"54\",\"status\":[\"publish\"],\"limit\":100},\n\t\t\t'appApi':\"https:\\\/\\\/www.malvache.net\\\/hermary\\\/?gmedia-app=1&gmappversion=4&gmmodule=1\",\n\t\t\t'appInfo':{\"name\":\"train\",\"description\":\"\"}};\n\t})();\n<\/script>\n<\/div><\/div>\n\n\n\n<p>Les passagers, dont Emile, s\u2019endorment. Le premier r\u00e9veil, ne semble pas plaire \u00e0 Emile :<\/p>\n\n\n\n<blockquote class=\"wp-block-quote is-layout-flow wp-block-quote-is-layout-flow\">\n<p><\/p>\n\n\n\n<p>A mon r\u00e9veil je jette un coup d\u2019\u0153il. H\u00e9las des montagnes, des rochers, des sapins et cela dure toute la journ\u00e9e; de temps un lac vient changer l&rsquo;aspect&#8230;parfois aupr\u00e8s des stations qui ne sont que des garages on aper\u00e7oit une chaumi\u00e8re de b\u00fbcherons et c&rsquo;est tout.<\/p>\n<\/blockquote>\n\n\n\n<p>Il faut dire que la r\u00e9gion que traverse Emile est loin d\u2019\u00eatre la plus peupl\u00e9e du Canada. Comme il le d\u00e9crit bien, il s\u2019agit plut\u00f4t de grands espaces sauvages.<\/p>\n\n\n\n<blockquote class=\"wp-block-quote is-layout-flow wp-block-quote-is-layout-flow\">\n<p>Le 22 mai et le 23 m\u00eame coup d\u2019\u0153il Grandiose et l\u00e9g\u00e8rement m\u00e9lancolique , car la vue se fatigue, aussi nous fumions tous souvent une bonne boufarde.<\/p>\n\n\n\n<p>Enfin vers 7h le 23 nous voyons le terrain s&rsquo;aplanir et les vallons se verdir\u2026Winnipeg.<\/p>\n<\/blockquote>\n\n\n\n<blockquote class=\"wp-block-quote is-layout-flow wp-block-quote-is-layout-flow\">\n<p>Nous allons \u00e0 l&rsquo;immigration House plus de place. Tout est pris force nous est de chercher ailleurs.<\/p>\n\n\n\n<p><em>Winnipeg plus que Montr\u00e9al frappe le voyageur des vieux-pays: le c\u0153ur de la ville commence \u00e0 avoir des rues en ciment mais les nouvelles rues sont en terre. Les chars \u00e9lectriques les traversent avant qu&rsquo;elles ne soient pav\u00e9es tellement la population augmente on ne voit que des maisons en construction\u201d.<\/em><\/p>\n<\/blockquote>\n\n\n\n<p>Apr\u00e8s \u00eatre allez aux renseignements, o\u00f9 on lui conseille d\u2019aller plus dans la r\u00e9gion d\u2019alberta que celle de saskatchewan. Il file vers la ville de Swift-Current (dans la r\u00e9gion de saskatchewan). Il y arrive le 25 mai.<br><\/p>\n\n\n\n<blockquote class=\"wp-block-quote is-layout-flow wp-block-quote-is-layout-flow\">\n<p><em>tu ne peux t&rsquo;imaginer plus triste pays, pas un arbre, par un arbrisseau, pas d&rsquo;eau. Notre examen est vite fait. Le soir nous filons pour Calgary\u2026pas le temps de mettre le pied \u00e0 terre nous allons vers le nord\u2026nous voyageons dans une plaine souriante toute parsem\u00e9e de bouquets, d&rsquo;arbres et de grands troupeaux y prom\u00e8nent et les maisons apparaissent \u00e7\u00e0 et l\u00e0 ; cela devient plus agr\u00e9able et plus r\u00e9confortant\u2026c&rsquo;est la vie qui apparait et nous sommes plus gais de suite car tout ce que nous avions vu jusqu&rsquo;alors n&rsquo;\u00e9tait pas tr\u00e8s enchantant\u2026.<\/em><\/p>\n\n\n\n<p>devant cela, Emile d\u00e9cide de prendre la direction d&rsquo;Innisfail (alberta) avec un passage par Calgary.<\/p>\n<\/blockquote>\n\n\n\n<div class=\"wp-block-gmedia-gallery gmedia-shortcode\"><div class=\"gmedia_gallery amron_module is_bot\" id=\"GmediaGallery_35\" data-gmid=\"35\" data-module=\"amron\"><script type=\"text\/javascript\">\n\t(function() {\n\t\tthis['GmediaGallery_35'] = {\n\t\t\t'settings':{\"collectionThumbRecomendedWidth\":\"260\",\"collectionPreloaderColor\":\"333333\",\"linkTargetWindow\":\"_blank\",\"thumbSpacing\":\"10\",\"tagsFilter\":\"0\",\"tagCloudAll\":\"Tous\",\"tagCloudTextColor\":\"000000\",\"tagCloudTextColorOver\":\"rgba(255,255, 255, 1)\",\"tagCloudBgColor\":\"eeeeee\",\"tagCloudBgColorOver\":\"rgba(11, 11, 11, 1)\",\"collectionThumbHoverColor\":\"rgba(0, 0, 0, .7)\",\"collectionThumbContentBGColor\":\"rgba(245,245,245,1)\",\"collectionThumbTitleShow\":\"1\",\"collectionThumbTitleColor\":\"rgba(0,0,0,1)\",\"collectionThumbFontSize\":\"18\",\"collectionThumbDescriptionShow\":\"1\",\"collectionThumbDescriptionColor\":\"rgba(0,0,0,1)\",\"collectionThumbDescriptionFontSize\":\"15\",\"collectionReadMoreButtonLabel\":\"Read More\",\"collectionReadMoreButtonLabelColor\":\"rgba(255, 255, 255, 1)\",\"collectionReadMoreButtonBGColor\":\"rgba(0, 0, 0, 1)\",\"collectionReadMoreButtonLabelColorHover\":\"rgba(0, 0, 0, 1)\",\"collectionReadMoreButtonBGColorHover\":\"rgba(235,235,235,1)\",\"modaBgColor\":\"rgba(0,0,0,0.9)\",\"modalInfoBoxBgColor\":\"rgba(255,255,255,1)\",\"modalInfoBoxTitleTextColor\":\"000000\",\"modalInfoBoxTextColor\":\"333333\",\"infoBarCountersEnable\":\"1\",\"infoBarDateInfoEnable\":\"1\",\"lightBoxEnable\":\"1\",\"sliderPreloaderColor\":\"ffffff\",\"sliderBgColor\":\"rgba(0,0,0,1)\",\"sliderHeaderFooterBgColor\":\"000000\",\"sliderNavigationColor\":\"rgba(0,0,0,1)\",\"sliderNavigationIconColor\":\"rgba(255,255,255,1)\",\"sliderNavigationColorOver\":\"rgba(255,255,255,1)\",\"sliderNavigationIconColorOver\":\"rgba(0,0,0,1)\",\"sliderItemTitleFontSize\":\"24\",\"sliderItemTitleTextColor\":\"ffffff\",\"sliderThumbBarEnable\":\"0\",\"sliderThumbBarHoverColor\":\"ffffff\",\"sliderThumbSubMenuBackgroundColor\":\"rgba(0,0,0,1)\",\"sliderThumbSubMenuBackgroundColorOver\":\"rgba(255,255,255,1)\",\"sliderThumbSubMenuIconColor\":\"rgba(255,255,255,1)\",\"sliderThumbSubMenuIconHoverColor\":\"rgba(0,0,0,1)\",\"sliderInfoEnable\":\"1\",\"sliderItemDownload\":\"1\",\"sliderItemDiscuss\":\"1\",\"sliderSocialShareEnabled\":\"1\",\"sliderLikesEnabled\":\"1\",\"customCSS\":\"\",\"shareTitlePlaceHolder\":\"Share\",\"module_url\":\"https:\\\/\\\/www.malvache.net\\\/hermary\\\/wp-content\\\/plugins\\\/grand-media\\\/module\\\/amron\",\"license\":\"\",\"post_url\":\"https:\\\/\\\/www.malvache.net\\\/hermary\\\/wp-json\\\/wp\\\/v2\\\/pages\\\/240\"},\n\t\t\t'appQuery':{\"orderby\":\"ID\",\"order\":\"DESC\",\"category__in\":\"36\",\"status\":[\"publish\"],\"limit\":100},\n\t\t\t'appApi':\"https:\\\/\\\/www.malvache.net\\\/hermary\\\/?gmedia-app=1&gmappversion=4&gmmodule=1\",\n\t\t\t'appInfo':{\"name\":\"Depart villes\",\"description\":\"\"}};\n\t})();\n<\/script>\n<\/div><\/div>\n\n\n\n<p>Nous sommes le 26 mai 1906 quand Emile prend la direction d&rsquo;Innisfail.<\/p>\n","protected":false},"excerpt":{"rendered":"<p>Emile Hermary est n\u00e9 le 29 avril 1872 \u00e0 Saint-Floris. Il est le fils d\u2019Henri et Constance Queste et le 7\u00e9me sur 11 de la fratrie. Il \u00e9pouse Maria Christine Augustine DUHAYON le 24 septembre 1895 \u00e0 Saint-Floris.Ils s&rsquo;installent \u00e0 Noeux les Mines (commune du Pas de Calais). Emile travaille dans une banque en tant&hellip; <br \/> <a class=\"read-more\" href=\"https:\/\/www.malvache.net\/hermary\/le-depart\/\">Lire la suite<\/a><\/p>\n","protected":false},"author":1,"featured_media":249,"parent":0,"menu_order":0,"comment_status":"open","ping_status":"closed","template":"","meta":{"footnotes":""},"class_list":["post-240","page","type-page","status-publish","has-post-thumbnail","hentry"],"aioseo_notices":[],"_links":{"self":[{"href":"https:\/\/www.malvache.net\/hermary\/wp-json\/wp\/v2\/pages\/240","targetHints":{"allow":["GET"]}}],"collection":[{"href":"https:\/\/www.malvache.net\/hermary\/wp-json\/wp\/v2\/pages"}],"about":[{"href":"https:\/\/www.malvache.net\/hermary\/wp-json\/wp\/v2\/types\/page"}],"author":[{"embeddable":true,"href":"https:\/\/www.malvache.net\/hermary\/wp-json\/wp\/v2\/users\/1"}],"replies":[{"embeddable":true,"href":"https:\/\/www.malvache.net\/hermary\/wp-json\/wp\/v2\/comments?post=240"}],"version-history":[{"count":89,"href":"https:\/\/www.malvache.net\/hermary\/wp-json\/wp\/v2\/pages\/240\/revisions"}],"predecessor-version":[{"id":894,"href":"https:\/\/www.malvache.net\/hermary\/wp-json\/wp\/v2\/pages\/240\/revisions\/894"}],"wp:featuredmedia":[{"embeddable":true,"href":"https:\/\/www.malvache.net\/hermary\/wp-json\/wp\/v2\/media\/249"}],"wp:attachment":[{"href":"https:\/\/www.malvache.net\/hermary\/wp-json\/wp\/v2\/media?parent=240"}],"curies":[{"name":"wp","href":"https:\/\/api.w.org\/{rel}","templated":true}]}}